{"id":610,"date":"2018-05-16T21:33:24","date_gmt":"2018-05-16T21:33:24","guid":{"rendered":"http:\/\/caudaresidences.mx\/slide\/"},"modified":"2025-12-17T19:02:31","modified_gmt":"2025-12-17T19:02:31","slug":"slide","status":"publish","type":"page","link":"https:\/\/caudaresidences.mx\/en\/","title":{"rendered":"Home Cauda Residences"},"content":{"rendered":"<div class=\"wpb-content-wrapper\"><p>[vc_row css_animation=&#8221;&#8221; row_type=&#8221;row&#8221; use_row_as_full_screen_section=&#8221;no&#8221; type=&#8221;full_width&#8221; angled_section=&#8221;no&#8221; text_align=&#8221;left&#8221; background_image_as_pattern=&#8221;without_pattern&#8221; background_image=&#8221;7&#8243; z_index=&#8221;&#8221; css=&#8221;.vc_custom_1700270317423{margin-top: -120px !important;}&#8221;][vc_column offset=&#8221;vc_hidden-xs&#8221;]<a  itemprop=\"url\" href=\"https:\/\/api.whatsapp.com\/send\/?phone=523332412402&amp;text=\u00a1Hola!+Visit\u00e9+el+sitio+web+de+Cauda+Residences+en+Guadalajara,+y+me+gustar\u00eda+recibir+m\u00e1s+informaci\u00f3n+sobre+el+proyecto.\" target=\"_self\" data-hover-background-color='#25D366' data-hover-border-color='#00000000'  class=\"qbutton  medium center white enlarge boton-whatsapp  qode-button-shadow\" style=\"color: #FFFFFF; border-color: #00000000; font-weight: 400; font-size: 36px; background-color: #25D366;\"><i class=\"qode_icon_font_awesome fa fa-whatsapp qode_button_icon_element\" style=\"color: #ffffff;\" ><\/i><\/a>[vc_row_inner row_type=&#8221;row&#8221; type=&#8221;grid&#8221; text_align=&#8221;left&#8221; css_animation=&#8221;&#8221;][vc_column_inner][vc_empty_space height=&#8221;200px&#8221;][vc_single_image image=&#8221;522&#8243; img_size=&#8221;full&#8221; css=&#8221;&#8221; qode_css_animation=&#8221;&#8221;][vc_empty_space height=&#8221;290px&#8221;][\/vc_column_inner][\/vc_row_inner][vc_row_inner row_type=&#8221;row&#8221; type=&#8221;grid&#8221; text_align=&#8221;center&#8221; css_animation=&#8221;&#8221;][vc_column_inner]<a  itemprop=\"url\" href=\"https:\/\/caudaresidences.mx\/en\/residential\/\" target=\"_self\" data-hover-background-color='#97dad4' data-hover-border-color='#97dad4'  class=\"qbutton  large center white enlarge  qode-button-shadow\" style=\"font-weight: 400; \">Residential<i class=\"qode_icon_font_awesome fa fa-arrow-right qode_button_icon_element\" style=\"color: #ffffff;\" ><\/i><\/a>[vc_empty_space height=&#8221;100px&#8221;][\/vc_column_inner][\/vc_row_inner][vc_row_inner row_type=&#8221;row&#8221; type=&#8221;full_width&#8221; text_align=&#8221;center&#8221; css_animation=&#8221;&#8221;][vc_column_inner][vc_raw_html]PHZpZGVvIGF1dG9wbGF5PSIiIGNvbnRyb2xzPSIiIG11dGVkPSIiIHdpZHRoPSI2NDAiIGhlaWdodD0iNDgwIj4KICA8c291cmNlIHNyYz0iaGh0dHA6Ly9jYXVkYXJlc2lkZW5jZXMubXgvdmlkZW9zL0NBVURBLm1wNCIgdHlwZT0idmlkZW8vbXA0Ij4KICA8c291cmNlIHNyYz0iaHR0cDovL2NhdWRhcmVzaWRlbmNlcy5teC92aWRlb3MvQ0FVREEud2VibSIgdHlwZT0idmlkZW8vd2VibSI+CiAgPHNvdXJjZSBzcmM9Imh0dHA6Ly9jYXVkYXJlc2lkZW5jZXMubXgvdmlkZW9zL0NBVURBLm9ndiIgdHlwZT0idmlkZW8vb2dnIj4KICBZb3VyIGJyb3dzZXIgZG9lcyBub3Qgc3VwcG9ydCBtdWx0aW1lZGlhIGNvbnRlbnQuCjwvc291cmNlPjwvc291cmNlPjwvc291cmNlPjwvdmlkZW8+[\/vc_raw_html][\/vc_column_inner][\/vc_row_inner][vc_row_inner row_type=&#8221;row&#8221; type=&#8221;grid&#8221; text_align=&#8221;left&#8221; css_animation=&#8221;&#8221;][vc_column_inner offset=&#8221;vc_hidden-lg vc_hidden-md vc_hidden-sm vc_hidden-xs&#8221;][vc_empty_space height=&#8221;100px&#8221;][vc_single_image image=&#8221;522&#8243; img_size=&#8221;full&#8221; qode_css_animation=&#8221;&#8221;][vc_empty_space height=&#8221;600px&#8221;][\/vc_column_inner][\/vc_row_inner][vc_row_inner row_type=&#8221;row&#8221; type=&#8221;full_width&#8221; text_align=&#8221;center&#8221; css_animation=&#8221;&#8221;][vc_column_inner][vc_column_text css=&#8221;&#8221;]<\/p>\n<p style=\"text-align: center;\"><span style=\"color: #ffffff;\"><a style=\"color: #ffffff;\" href=\"https:\/\/skyway.lineaetica.com.mx\/\"><img loading=\"lazy\" decoding=\"async\" class=\"\" src=\"http:\/\/caudaresidences.mx\/wp-content\/uploads\/2023\/04\/linea-etica-blanco.png\" alt=\"\" width=\"23\" height=\"23\">  Ethical Line<\/a><\/span><\/p>\n<p>[\/vc_column_text][vc_empty_space height=&#8221;15px&#8221;][vc_column_text]<\/p>\n<p style=\"text-align: center;\"><span style=\"color: #ffffff;\">MARKETED BY:<\/span><\/p>\n<p>[\/vc_column_text][vc_single_image image=&#8221;917&#8243; img_size=&#8221;medium&#8221; alignment=&#8221;center&#8221; css=&#8221;&#8221; qode_css_animation=&#8221;&#8221;][vc_column_text css=&#8221;&#8221;]<\/p>\n<p style=\"text-align: center;\"><span style=\"color: #ffffff;\"><a style=\"color: #ffffff;\" href=\"tel:+528009533800\">+52 800 9533 800<\/a> | <a style=\"color: #ffffff;\" href=\"tel:+523332412402\"> +52 33 3241 2402<\/a><\/span><\/p>\n<p>[\/vc_column_text][vc_column_text css=&#8221;&#8221;]<\/p>\n<p style=\"text-align: center;\"><span style=\"color: #ffffff;\"><span class=\"section-info-text\"><span class=\"widget-pane-link\">720 La Cauda Street,  <\/span><\/span><span class=\"section-info-text\"><span class=\"widget-pane-link\">Jardines del Bosque, 44520 Guadalajara, Jal. MX<\/span><\/span><\/span><\/p>\n<p>[\/vc_column_text][\/vc_column_inner][\/vc_row_inner][vc_row_inner row_type=&#8221;row&#8221; type=&#8221;grid&#8221; text_align=&#8221;left&#8221; css_animation=&#8221;&#8221;][vc_column_inner][vc_empty_space height=&#8221;10px&#8221;][vc_column_text]<\/p>\n<div class=\"page\" title=\"Page 2\">\n<div class=\"section\">\n<div class=\"layoutArea\">\n<div class=\"column\">\n<p style=\"text-align: center; font-size: 9px; line-height: 9px; color: #ffffff;\">***The images shown are only illustrative and the project may have variations; the developer is not responsible for any changes that the project may undergo.<\/p>\n<\/div>\n<\/div>\n<\/div>\n<\/div>\n<p>[\/vc_column_text][\/vc_column_inner][\/vc_row_inner][vc_empty_space height=&#8221;10px&#8221;][\/vc_column][\/vc_row][vc_row css_animation=&#8221;&#8221; row_type=&#8221;row&#8221; use_row_as_full_screen_section=&#8221;no&#8221; type=&#8221;full_width&#8221; angled_section=&#8221;no&#8221; text_align=&#8221;left&#8221; background_image_as_pattern=&#8221;without_pattern&#8221; row_negative_margin=&#8221;disable_negative_margin&#8221; background_image=&#8221;48&#8243; z_index=&#8221;&#8221;][vc_column offset=&#8221;vc_hidden-lg vc_hidden-md vc_hidden-sm&#8221;][vc_row_inner row_type=&#8221;row&#8221; type=&#8221;grid&#8221; text_align=&#8221;left&#8221; css_animation=&#8221;&#8221;][vc_column_inner][vc_empty_space height=&#8221;200px&#8221;][vc_single_image image=&#8221;522&#8243; img_size=&#8221;full&#8221; alignment=&#8221;center&#8221; qode_css_animation=&#8221;&#8221;][vc_empty_space height=&#8221;150px&#8221;][\/vc_column_inner][\/vc_row_inner][vc_row_inner row_type=&#8221;row&#8221; type=&#8221;full_width&#8221; text_align=&#8221;center&#8221; css_animation=&#8221;&#8221;][vc_column_inner]<a  itemprop=\"url\" href=\"https:\/\/caudaresidences.mx\/en\/residential\/\" target=\"_self\" data-hover-background-color='#97dad4' data-hover-border-color='#97dad4'  class=\"qbutton  large center white enlarge  qode-button-shadow\" style=\"font-weight: 400; \">Residential<i class=\"qode_icon_font_awesome fa fa-arrow-right qode_button_icon_element\" style=\"color: #ffffff;\" ><\/i><\/a>[vc_empty_space height=&#8221;150px&#8221;][vc_column_text]<\/p>\n<p style=\"text-align: center;\"><span style=\"color: #ffffff;\">MARKETED BY:<\/span><\/p>\n<p>[\/vc_column_text][vc_single_image image=&#8221;529&#8243; img_size=&#8221;full&#8221; alignment=&#8221;center&#8221; onclick=&#8221;custom_link&#8221; qode_css_animation=&#8221;&#8221; link=&#8221;http:\/\/www.interamerican.com.mx\/&#8221;][vc_column_text]<\/p>\n<p style=\"text-align: center;\"><span style=\"color: #ffffff;\">01 (33) 3123-2303 | <span class=\"section-info-text\"><br \/>\n  <span class=\"widget-pane-link\">720 La Cauda St, <\/span><br \/>\n<\/span> <span class=\"section-info-text\"><span class=\"widget-pane-link\">Jardines del Bosque, 44520 Guadalajara, Jal. MX<\/span><\/span><\/span><\/p>\n<p>[\/vc_column_text][\/vc_column_inner][\/vc_row_inner][vc_row_inner row_type=&#8221;row&#8221; type=&#8221;grid&#8221; text_align=&#8221;left&#8221; css_animation=&#8221;&#8221;][vc_column_inner][vc_empty_space height=&#8221;10px&#8221;][vc_column_text]<\/p>\n<div class=\"page\" title=\"Page 2\">\n<div class=\"section\">\n<div class=\"layoutArea\">\n<div class=\"column\">\n<p style=\"text-align: center; font-size: 9px; line-height: 9px; color: #ffffff;\">***The images shown are only illustrative and the project may have variations; the developer is not responsible for any changes that the project may undergo.<\/p>\n<\/div>\n<\/div>\n<\/div>\n<\/div>\n<p>[\/vc_column_text][\/vc_column_inner][\/vc_row_inner][vc_empty_space height=&#8221;10px&#8221;][\/vc_column][\/vc_row]<\/p>\n<\/div>","protected":false},"excerpt":{"rendered":"<p>[vc_row css_animation=&#8221;&#8221; row_type=&#8221;row&#8221; use_row_as_full_screen_section=&#8221;no&#8221; type=&#8221;full_width&#8221; angled_section=&#8221;no&#8221; text_align=&#8221;left&#8221; background_image_as_pattern=&#8221;without_pattern&#8221; background_image=&#8221;7&#8243; z_index=&#8221;&#8221; css=&#8221;.vc_custom_1700270317423{margin-top: -120px !important;}&#8221;][vc_column offset=&#8221;vc_hidden-xs&#8221;][vc_row_inner row_type=&#8221;row&#8221; type=&#8221;grid&#8221; text_align=&#8221;left&#8221; css_animation=&#8221;&#8221;][vc_column_inner][vc_empty_space height=&#8221;200px&#8221;][vc_single_image image=&#8221;522&#8243; img_size=&#8221;full&#8221; css=&#8221;&#8221; qode_css_animation=&#8221;&#8221;][vc_empty_space height=&#8221;290px&#8221;][\/vc_column_inner][\/vc_row_inner][vc_row_inner row_type=&#8221;row&#8221; type=&#8221;grid&#8221; text_align=&#8221;center&#8221; css_animation=&#8221;&#8221;][vc_column_inner][vc_empty_space height=&#8221;100px&#8221;][\/vc_column_inner][\/vc_row_inner][vc_row_inner row_type=&#8221;row&#8221; type=&#8221;full_width&#8221; text_align=&#8221;center&#8221; css_animation=&#8221;&#8221;][vc_column_inner][vc_raw_html]PHZpZGVvIGF1dG9wbGF5PSIiIGNvbnRyb2xzPSIiIG11dGVkPSIiIHdpZHRoPSI2NDAiIGhlaWdodD0iNDgwIj4KICA8c291cmNlIHNyYz0iaGh0dHA6Ly9jYXVkYXJlc2lkZW5jZXMubXgvdmlkZW9zL0NBVURBLm1wNCIgdHlwZT0idmlkZW8vbXA0Ij4KICA8c291cmNlIHNyYz0iaHR0cDovL2NhdWRhcmVzaWRlbmNlcy5teC92aWRlb3MvQ0FVREEud2VibSIgdHlwZT0idmlkZW8vd2VibSI+CiAgPHNvdXJjZSBzcmM9Imh0dHA6Ly9jYXVkYXJlc2lkZW5jZXMubXgvdmlkZW9zL0NBVURBLm9ndiIgdHlwZT0idmlkZW8vb2dnIj4KICBZb3VyIGJyb3dzZXIgZG9lcyBub3Qgc3VwcG9ydCBtdWx0aW1lZGlhIGNvbnRlbnQuCjwvc291cmNlPjwvc291cmNlPjwvc291cmNlPjwvdmlkZW8+[\/vc_raw_html][\/vc_column_inner][\/vc_row_inner][vc_row_inner row_type=&#8221;row&#8221; type=&#8221;grid&#8221; text_align=&#8221;left&#8221; css_animation=&#8221;&#8221;][vc_column_inner offset=&#8221;vc_hidden-lg vc_hidden-md vc_hidden-sm vc_hidden-xs&#8221;][vc_empty_space height=&#8221;100px&#8221;][vc_single_image image=&#8221;522&#8243; img_size=&#8221;full&#8221; qode_css_animation=&#8221;&#8221;][vc_empty_space&#8230;<\/p>\n","protected":false},"author":1,"featured_media":0,"parent":0,"menu_order":0,"comment_status":"closed","ping_status":"closed","template":"full_width.php","meta":{"content-type":"","footnotes":""},"class_list":["post-610","page","type-page","status-publish","hentry"],"_links":{"self":[{"href":"https:\/\/caudaresidences.mx\/en\/wp-json\/wp\/v2\/pages\/610","targetHints":{"allow":["GET"]}}],"collection":[{"href":"https:\/\/caudaresidences.mx\/en\/wp-json\/wp\/v2\/pages"}],"about":[{"href":"https:\/\/caudaresidences.mx\/en\/wp-json\/wp\/v2\/types\/page"}],"author":[{"embeddable":true,"href":"https:\/\/caudaresidences.mx\/en\/wp-json\/wp\/v2\/users\/1"}],"replies":[{"embeddable":true,"href":"https:\/\/caudaresidences.mx\/en\/wp-json\/wp\/v2\/comments?post=610"}],"version-history":[{"count":168,"href":"https:\/\/caudaresidences.mx\/en\/wp-json\/wp\/v2\/pages\/610\/revisions"}],"predecessor-version":[{"id":1060,"href":"https:\/\/caudaresidences.mx\/en\/wp-json\/wp\/v2\/pages\/610\/revisions\/1060"}],"wp:attachment":[{"href":"https:\/\/caudaresidences.mx\/en\/wp-json\/wp\/v2\/media?parent=610"}],"curies":[{"name":"wp","href":"https:\/\/api.w.org\/{rel}","templated":true}]}}